{"id":14,"date":"2022-09-07T13:51:31","date_gmt":"2022-09-07T13:51:31","guid":{"rendered":"http:\/\/dummy.xtemos.com\/woodmart2\/accessories-elementor\/?page_id=14"},"modified":"2025-03-18T05:05:51","modified_gmt":"2025-03-18T04:05:51","slug":"about-us","status":"publish","type":"page","link":"https:\/\/borysat.com\/fr\/about-us\/","title":{"rendered":"About Us"},"content":{"rendered":"\t\t<div data-elementor-type=\"wp-page\" data-elementor-id=\"14\" class=\"elementor elementor-14\" data-elementor-post-type=\"page\">\n\t\t\t\t<div class=\"wd-negative-gap elementor-element elementor-element-2563b9c wd-section-stretch e-flex e-con-boxed e-con e-parent\" data-id=\"2563b9c\" data-element_type=\"container\" data-e-type=\"container\" data-settings=\"{&quot;background_background&quot;:&quot;classic&quot;}\">\n\t\t\t\t\t<div class=\"e-con-inner\">\n\t\t\t\t<div class=\"elementor-element elementor-element-7c3c8fc elementor-widget elementor-widget-wd_text_block\" data-id=\"7c3c8fc\" data-element_type=\"widget\" data-e-type=\"widget\" data-widget_type=\"wd_text_block.default\">\n\t\t\t\t<div class=\"elementor-widget-container\">\n\t\t\t\t\t\t\t<div class=\"wd-text-block reset-last-child text-left\">\n\t\t\t\n\t\t\t<h2>Borysat IPTV : Votre Meilleur Choix pour un Divertissement Illimit\u00e9<\/h2>\n\t\t\t\t\t<\/div>\n\t\t\t\t\t\t<\/div>\n\t\t\t\t<\/div>\n\t\t\t\t\t<\/div>\n\t\t\t\t<\/div>\n\t\t<div class=\"wd-negative-gap elementor-element elementor-element-78ebfd2 e-flex e-con-boxed e-con e-parent\" data-id=\"78ebfd2\" data-element_type=\"container\" data-e-type=\"container\">\n\t\t\t\t\t<div class=\"e-con-inner\">\n\t\t\t\t<div class=\"elementor-element elementor-element-0b07492 elementor-widget elementor-widget-wd_text_block\" data-id=\"0b07492\" data-element_type=\"widget\" data-e-type=\"widget\" data-widget_type=\"wd_text_block.default\">\n\t\t\t\t<div class=\"elementor-widget-container\">\n\t\t\t\t\t\t\t<div class=\"wd-text-block reset-last-child text-left\">\n\t\t\t\n\t\t\t<p data-start=\"75\" data-end=\"423\">C'est avec un immense plaisir que nous vous accueillons chez <strong data-start=\"136\" data-end=\"152\">Borysat IPTV<\/strong>, votre r\u00e9f\u00e9rence pour les meilleurs services d'abonnement <strong data-start=\"211\" data-end=\"219\">IPTV<\/strong>, ainsi que des comptes <strong data-start=\"243\" data-end=\"254\">Spotify<\/strong> et <strong data-start=\"258\" data-end=\"269\">Netflix<\/strong> de haute qualit\u00e9. Nous nous engageons \u00e0 vous offrir une exp\u00e9rience de divertissement exceptionnelle avec des serveurs IPTV stables, rapides et fiables.<\/p><p data-start=\"425\" data-end=\"754\">L'<strong data-start=\"427\" data-end=\"435\">IPTV<\/strong> est aujourd'hui un \u00e9l\u00e9ment incontournable du divertissement num\u00e9rique, offrant un acc\u00e8s illimit\u00e9 \u00e0 des milliers de cha\u00eenes premium du monde entier. Que vous soyez passionn\u00e9 par les films, les s\u00e9ries, le sport ou les documentaires, notre service <strong data-start=\"681\" data-end=\"689\">IPTV<\/strong> vous garantit une diffusion fluide en HD et sans interruption.<\/p><p data-start=\"756\" data-end=\"1178\">En choisissant <strong data-start=\"771\" data-end=\"787\">Borysat IPTV<\/strong>, vous optez pour la qualit\u00e9 et la performance. Nos abonnements <strong data-start=\"851\" data-end=\"859\">IPTV<\/strong> vous permettent de profiter d\u2019un vaste catalogue de contenus en toute simplicit\u00e9, avec une installation rapide et un support client r\u00e9actif. De plus, nos comptes <strong data-start=\"1022\" data-end=\"1033\">Spotify<\/strong> et <strong data-start=\"1037\" data-end=\"1048\">Netflix<\/strong> vous offrent un acc\u00e8s premium \u00e0 une infinit\u00e9 de films, s\u00e9ries et musiques, accessibles \u00e0 tout moment et sur tous vos appareils.<\/p><p data-start=\"1180\" data-end=\"1373\">Nous mettons un point d'honneur \u00e0 rendre l'abonnement IPTV aussi simple et transparent que possible. En quelques \u00e9tapes, vous pourrez profiter de vos cha\u00eenes pr\u00e9f\u00e9r\u00e9es sans tracas ni coupure.<\/p><p data-start=\"1375\" data-end=\"1762\">Chez <strong data-start=\"1380\" data-end=\"1396\">Borysat IPTV<\/strong>, la satisfaction client est notre priorit\u00e9. Notre \u00e9quipe est \u00e0 votre disposition pour r\u00e9pondre \u00e0 toutes vos questions et vous offrir un service d'assistance de qualit\u00e9. Faites confiance \u00e0 <strong data-start=\"1585\" data-end=\"1601\">Borysat IPTV<\/strong> et d\u00e9couvrez une nouvelle fa\u00e7on de profiter du divertissement en ligne avec des abonnements <strong data-start=\"1694\" data-end=\"1702\">IPTV<\/strong>, <strong data-start=\"1704\" data-end=\"1715\">Spotify<\/strong> et <strong data-start=\"1719\" data-end=\"1730\">Netflix<\/strong> optimis\u00e9s pour votre plaisir.<\/p>\n\t\t\t\t\t<\/div>\n\t\t\t\t\t\t<\/div>\n\t\t\t\t<\/div>\n\t\t\t\t<div class=\"elementor-element elementor-element-5efc61a elementor-widget elementor-widget-wd_text_block\" data-id=\"5efc61a\" data-element_type=\"widget\" data-e-type=\"widget\" data-widget_type=\"wd_text_block.default\">\n\t\t\t\t<div class=\"elementor-widget-container\">\n\t\t\t\t\t\t\t<div class=\"wd-text-block reset-last-child text-left\">\n\t\t\t\n\t\t\t\n\t\t\t\t\t<\/div>\n\t\t\t\t\t\t<\/div>\n\t\t\t\t<\/div>\n\t\t\t\t\t<\/div>\n\t\t\t\t<\/div>\n\t\t\t\t<\/div>\n\t\t","protected":false},"excerpt":{"rendered":"<p>Borysat IPTV : Votre Meilleur Choix pour un Divertissement Illimit\u00e9 C&rsquo;est avec un immense plaisir que nous vous accueillons chez<\/p>\n","protected":false},"author":1,"featured_media":0,"parent":0,"menu_order":0,"comment_status":"closed","ping_status":"closed","template":"","meta":{"_monsterinsights_skip_tracking":false,"_monsterinsights_sitenote_active":false,"_monsterinsights_sitenote_note":"","_monsterinsights_sitenote_category":0,"_joinchat":[],"footnotes":""},"class_list":["post-14","page","type-page","status-publish","hentry"],"_links":{"self":[{"href":"https:\/\/borysat.com\/fr\/wp-json\/wp\/v2\/pages\/14","targetHints":{"allow":["GET"]}}],"collection":[{"href":"https:\/\/borysat.com\/fr\/wp-json\/wp\/v2\/pages"}],"about":[{"href":"https:\/\/borysat.com\/fr\/wp-json\/wp\/v2\/types\/page"}],"author":[{"embeddable":true,"href":"https:\/\/borysat.com\/fr\/wp-json\/wp\/v2\/users\/1"}],"replies":[{"embeddable":true,"href":"https:\/\/borysat.com\/fr\/wp-json\/wp\/v2\/comments?post=14"}],"version-history":[{"count":0,"href":"https:\/\/borysat.com\/fr\/wp-json\/wp\/v2\/pages\/14\/revisions"}],"wp:attachment":[{"href":"https:\/\/borysat.com\/fr\/wp-json\/wp\/v2\/media?parent=14"}],"curies":[{"name":"wp","href":"https:\/\/api.w.org\/{rel}","templated":true}]}}