{"id":10101,"date":"2024-01-24T21:24:34","date_gmt":"2024-01-24T21:24:34","guid":{"rendered":"https:\/\/borysat.com\/?post_type=product&#038;p=10101"},"modified":"2026-03-13T19:02:20","modified_gmt":"2026-03-13T18:02:20","slug":"abonnement-netflix-5-ecran","status":"publish","type":"product","link":"https:\/\/borysat.com\/fr\/product\/abonnement-netflix-5-ecran\/","title":{"rendered":"Abonnement Netflix 5 \u00c9crans"},"content":{"rendered":"<p>Regardez Netflix Officiel sur votre\u00a0<strong>smartphone Android \/iOS<\/strong><strong>, Smart\u00a0TV<\/strong>\u00a0et\u00a0<strong>Ordinateur<\/strong>, \u00e0 un tarif fixe tr\u00e8s attractif\u00a0<strong>sans contrat ni frais suppl\u00e9mentaires.<\/strong> Vous avez la possibilit\u00e9 de regarder le service sur\u00a0<strong>5 \u00e9crans<\/strong>. D\u00e9couvrez de nouveaux films et s\u00e9ries\u00a0TV chaque semaine, il y en a pour tous les go\u00fbts . Une vaste s\u00e9lection de s\u00e9ries\u00a0TV, films, animes, documentaires et autres programmes prim\u00e9s sur des milliers d\u2019appareils connect\u00e9s \u00e0 Internet.\u00a0<strong>T\u00e9l\u00e9chargez vos s\u00e9ries pr\u00e9f\u00e9r\u00e9es<\/strong>\u00a0pour les regarder\u00a0<strong>hors connexion<\/strong>.<\/p>\n","protected":false},"excerpt":{"rendered":"<p>Regardez Netflix Officiel sur votre\u00a0smartphone Android \/iOS, Smart\u00a0TV\u00a0et\u00a0Ordinateur, \u00e0 un tarif fixe tr\u00e8s attractif\u00a0sans contrat ni frais suppl\u00e9mentaires. Vous avez<\/p>\n","protected":false},"featured_media":10102,"comment_status":"open","ping_status":"closed","template":"","meta":{"_monsterinsights_skip_tracking":false,"_monsterinsights_sitenote_active":false,"_monsterinsights_sitenote_note":"","_monsterinsights_sitenote_category":0,"_joinchat":[]},"product_brand":[],"product_cat":[23],"product_tag":[],"class_list":{"0":"post-10101","1":"product","2":"type-product","3":"status-publish","4":"has-post-thumbnail","6":"product_cat-netflix","8":"first","9":"outofstock","10":"shipping-taxable","11":"purchasable","12":"product-type-variable"},"_links":{"self":[{"href":"https:\/\/borysat.com\/fr\/wp-json\/wp\/v2\/product\/10101","targetHints":{"allow":["GET"]}}],"collection":[{"href":"https:\/\/borysat.com\/fr\/wp-json\/wp\/v2\/product"}],"about":[{"href":"https:\/\/borysat.com\/fr\/wp-json\/wp\/v2\/types\/product"}],"replies":[{"embeddable":true,"href":"https:\/\/borysat.com\/fr\/wp-json\/wp\/v2\/comments?post=10101"}],"version-history":[{"count":1,"href":"https:\/\/borysat.com\/fr\/wp-json\/wp\/v2\/product\/10101\/revisions"}],"predecessor-version":[{"id":11641,"href":"https:\/\/borysat.com\/fr\/wp-json\/wp\/v2\/product\/10101\/revisions\/11641"}],"wp:featuredmedia":[{"embeddable":true,"href":"https:\/\/borysat.com\/fr\/wp-json\/wp\/v2\/media\/10102"}],"wp:attachment":[{"href":"https:\/\/borysat.com\/fr\/wp-json\/wp\/v2\/media?parent=10101"}],"wp:term":[{"taxonomy":"product_brand","embeddable":true,"href":"https:\/\/borysat.com\/fr\/wp-json\/wp\/v2\/product_brand?post=10101"},{"taxonomy":"product_cat","embeddable":true,"href":"https:\/\/borysat.com\/fr\/wp-json\/wp\/v2\/product_cat?post=10101"},{"taxonomy":"product_tag","embeddable":true,"href":"https:\/\/borysat.com\/fr\/wp-json\/wp\/v2\/product_tag?post=10101"}],"curies":[{"name":"wp","href":"https:\/\/api.w.org\/{rel}","templated":true}]}}