{"id":10227,"date":"2024-01-26T20:57:56","date_gmt":"2024-01-26T19:57:56","guid":{"rendered":"https:\/\/borysat.com\/?post_type=product&#038;p=10227"},"modified":"2026-03-12T01:30:58","modified_gmt":"2026-03-12T00:30:58","slug":"tivimate","status":"publish","type":"product","link":"https:\/\/borysat.com\/fr\/product\/tivimate\/","title":{"rendered":"TiviMate"},"content":{"rendered":"<p>Avec TiviMate, vous pouvez regarder les cha\u00eenes de t\u00e9l\u00e9vision en direct de votre fournisseur IPTV sur les d\u00e9codeurs Android.<\/p>\n","protected":false},"excerpt":{"rendered":"<p data-start=\"0\" data-end=\"90\"><strong data-start=\"0\" data-end=\"86\">TiviMate IPTV Player : L&rsquo;Application Ultime pour une Exp\u00e9rience IPTV Haut de Gamme<\/strong> \ud83d\udcfa\u2728<\/p>\n<ul data-start=\"92\" data-end=\"909\">\n<li data-start=\"92\" data-end=\"238\"><strong data-start=\"94\" data-end=\"118\">TiviMate IPTV Player<\/strong> est l&rsquo;une des meilleures applications IPTV disponibles pour offrir une exp\u00e9rience de streaming de qualit\u00e9 sup\u00e9rieure.<\/li>\n<li data-start=\"239\" data-end=\"395\">Compatible avec une large gamme de dispositifs, <strong data-start=\"289\" data-end=\"301\">TiviMate<\/strong> permet aux utilisateurs de profiter de leurs cha\u00eenes pr\u00e9f\u00e9r\u00e9es en <strong data-start=\"368\" data-end=\"389\">HD, Full HD et 4K<\/strong> \ud83d\udce1.<\/li>\n<li data-start=\"396\" data-end=\"570\">Cette application <strong data-start=\"416\" data-end=\"424\">IPTV<\/strong> propose une gestion facile des playlists \ud83c\udfb6, un <strong data-start=\"473\" data-end=\"498\">guide TV personnalis\u00e9<\/strong> \ud83d\udcc5 et la possibilit\u00e9 d\u2019enregistrer vos \u00e9missions ou films favoris \ud83c\udfac.<\/li>\n<li data-start=\"571\" data-end=\"734\">De plus, <strong data-start=\"582\" data-end=\"594\">TiviMate<\/strong> offre une exp\u00e9rience fluide et sans coupure, id\u00e9ale pour les utilisateurs qui recherchent une <strong data-start=\"689\" data-end=\"713\">solution IPTV fiable<\/strong> \ud83d\udd1d et performante.<\/li>\n<li data-start=\"735\" data-end=\"909\">Si vous souhaitez avoir un contr\u00f4le total sur vos cha\u00eenes et programmes, <strong data-start=\"810\" data-end=\"834\">TiviMate IPTV Player<\/strong> est la solution parfaite pour une exp\u00e9rience de divertissement enrichie.<\/li>\n<\/ul>\n","protected":false},"featured_media":10228,"comment_status":"open","ping_status":"closed","template":"","meta":{"_monsterinsights_skip_tracking":false,"_monsterinsights_sitenote_active":false,"_monsterinsights_sitenote_note":"","_monsterinsights_sitenote_category":0,"_joinchat":[]},"product_brand":[],"product_cat":[85],"product_tag":[],"class_list":{"0":"post-10227","1":"product","2":"type-product","3":"status-publish","4":"has-post-thumbnail","6":"product_cat-iptv-player","8":"first","9":"outofstock","10":"shipping-taxable","11":"purchasable","12":"product-type-simple"},"_links":{"self":[{"href":"https:\/\/borysat.com\/fr\/wp-json\/wp\/v2\/product\/10227","targetHints":{"allow":["GET"]}}],"collection":[{"href":"https:\/\/borysat.com\/fr\/wp-json\/wp\/v2\/product"}],"about":[{"href":"https:\/\/borysat.com\/fr\/wp-json\/wp\/v2\/types\/product"}],"replies":[{"embeddable":true,"href":"https:\/\/borysat.com\/fr\/wp-json\/wp\/v2\/comments?post=10227"}],"version-history":[{"count":1,"href":"https:\/\/borysat.com\/fr\/wp-json\/wp\/v2\/product\/10227\/revisions"}],"predecessor-version":[{"id":11395,"href":"https:\/\/borysat.com\/fr\/wp-json\/wp\/v2\/product\/10227\/revisions\/11395"}],"wp:featuredmedia":[{"embeddable":true,"href":"https:\/\/borysat.com\/fr\/wp-json\/wp\/v2\/media\/10228"}],"wp:attachment":[{"href":"https:\/\/borysat.com\/fr\/wp-json\/wp\/v2\/media?parent=10227"}],"wp:term":[{"taxonomy":"product_brand","embeddable":true,"href":"https:\/\/borysat.com\/fr\/wp-json\/wp\/v2\/product_brand?post=10227"},{"taxonomy":"product_cat","embeddable":true,"href":"https:\/\/borysat.com\/fr\/wp-json\/wp\/v2\/product_cat?post=10227"},{"taxonomy":"product_tag","embeddable":true,"href":"https:\/\/borysat.com\/fr\/wp-json\/wp\/v2\/product_tag?post=10227"}],"curies":[{"name":"wp","href":"https:\/\/api.w.org\/{rel}","templated":true}]}}