{"id":10231,"date":"2024-01-26T20:59:33","date_gmt":"2024-01-26T19:59:33","guid":{"rendered":"https:\/\/borysat.com\/?post_type=product&#038;p=10231"},"modified":"2026-03-11T21:49:13","modified_gmt":"2026-03-11T20:49:13","slug":"smarters-pro-iptv","status":"publish","type":"product","link":"https:\/\/borysat.com\/fr\/product\/smarters-pro-iptv\/","title":{"rendered":"Smarters Pro IPTV"},"content":{"rendered":"<p>Avec Smarters IPTV Pro, vous pouvez regarder les cha\u00eenes de t\u00e9l\u00e9vision en direct de votre fournisseur IPTV sur les d\u00e9codeurs Android.<\/p>\n","protected":false},"excerpt":{"rendered":"<p data-start=\"0\" data-end=\"59\"><strong data-start=\"0\" data-end=\"57\">Smarters IPTV Pro : Le Lecteur IPTV en HD et 4K<\/strong><\/p>\n<p data-start=\"61\" data-end=\"363\"><strong data-start=\"61\" data-end=\"77\">Smarters Pro<\/strong> est un lecteur IPTV populaire, offrant une activation facile de vos services IPTV gr\u00e2ce \u00e0 l&rsquo;<strong data-start=\"170\" data-end=\"190\">APK Smarters Pro<\/strong>. En quelques \u00e9tapes simples, vous pouvez activer votre abonnement IPTV et acc\u00e9der \u00e0 une large s\u00e9lection de <strong data-start=\"298\" data-end=\"337\">cha\u00eenes TV, sports, films et s\u00e9ries<\/strong> en <strong data-start=\"341\" data-end=\"362\">HD, Full HD et 4K<\/strong>.<\/p>\n<p data-start=\"365\" data-end=\"718\">\ud83d\udd39 <strong data-start=\"368\" data-end=\"421\">Pourquoi choisir Smarters Pro pour l&rsquo;activation ?<\/strong><br data-start=\"421\" data-end=\"424\" \/>\u2714\ufe0f <strong data-start=\"427\" data-end=\"448\">Activation rapide<\/strong> et simple de votre service IPTV<br data-start=\"480\" data-end=\"483\" \/>\u2714\ufe0f <strong data-start=\"486\" data-end=\"541\">Compatible avec Smart TV, Android, iOS, PC, Mag Box<\/strong><br data-start=\"541\" data-end=\"544\" \/>\u2714\ufe0f Interface fluide et facile \u00e0 utiliser<br data-start=\"584\" data-end=\"587\" \/>\u2714\ufe0f Acc\u00e8s \u00e0 des <strong data-start=\"602\" data-end=\"621\">cha\u00eenes premium<\/strong> et une large vari\u00e9t\u00e9 de contenus<br data-start=\"654\" data-end=\"657\" \/>\u2714\ufe0f <strong data-start=\"660\" data-end=\"687\">Mises \u00e0 jour r\u00e9guli\u00e8res<\/strong> et support technique r\u00e9actif<\/p>\n<p data-start=\"720\" data-end=\"814\">\u2705 <strong data-start=\"722\" data-end=\"756\">T\u00e9l\u00e9chargez l&rsquo;APK Smarters Pro<\/strong> et commencez \u00e0 profiter d&rsquo;une exp\u00e9rience IPTV optimale.<\/p>\n","protected":false},"featured_media":10232,"comment_status":"open","ping_status":"closed","template":"","meta":{"_monsterinsights_skip_tracking":false,"_monsterinsights_sitenote_active":false,"_monsterinsights_sitenote_note":"","_monsterinsights_sitenote_category":0,"_joinchat":[]},"product_brand":[],"product_cat":[85],"product_tag":[],"class_list":{"0":"post-10231","1":"product","2":"type-product","3":"status-publish","4":"has-post-thumbnail","6":"product_cat-iptv-player","8":"first","9":"outofstock","10":"shipping-taxable","11":"purchasable","12":"product-type-simple"},"_links":{"self":[{"href":"https:\/\/borysat.com\/fr\/wp-json\/wp\/v2\/product\/10231","targetHints":{"allow":["GET"]}}],"collection":[{"href":"https:\/\/borysat.com\/fr\/wp-json\/wp\/v2\/product"}],"about":[{"href":"https:\/\/borysat.com\/fr\/wp-json\/wp\/v2\/types\/product"}],"replies":[{"embeddable":true,"href":"https:\/\/borysat.com\/fr\/wp-json\/wp\/v2\/comments?post=10231"}],"version-history":[{"count":1,"href":"https:\/\/borysat.com\/fr\/wp-json\/wp\/v2\/product\/10231\/revisions"}],"predecessor-version":[{"id":11394,"href":"https:\/\/borysat.com\/fr\/wp-json\/wp\/v2\/product\/10231\/revisions\/11394"}],"wp:featuredmedia":[{"embeddable":true,"href":"https:\/\/borysat.com\/fr\/wp-json\/wp\/v2\/media\/10232"}],"wp:attachment":[{"href":"https:\/\/borysat.com\/fr\/wp-json\/wp\/v2\/media?parent=10231"}],"wp:term":[{"taxonomy":"product_brand","embeddable":true,"href":"https:\/\/borysat.com\/fr\/wp-json\/wp\/v2\/product_brand?post=10231"},{"taxonomy":"product_cat","embeddable":true,"href":"https:\/\/borysat.com\/fr\/wp-json\/wp\/v2\/product_cat?post=10231"},{"taxonomy":"product_tag","embeddable":true,"href":"https:\/\/borysat.com\/fr\/wp-json\/wp\/v2\/product_tag?post=10231"}],"curies":[{"name":"wp","href":"https:\/\/api.w.org\/{rel}","templated":true}]}}