{"id":10425,"date":"2025-03-14T17:05:49","date_gmt":"2025-03-14T16:05:49","guid":{"rendered":"https:\/\/borysat.com\/?post_type=product&#038;p=10425"},"modified":"2026-03-12T01:28:17","modified_gmt":"2026-03-12T00:28:17","slug":"esp-tv-pro-diwan","status":"publish","type":"product","link":"https:\/\/borysat.com\/fr\/product\/esp-tv-pro-diwan\/","title":{"rendered":"ESP TV PRO DIWAN"},"content":{"rendered":"<p data-start=\"42\" data-end=\"489\">ESP TV PRO DIWAN est une solution IPTV premium con\u00e7ue pour les utilisateurs en France qui souhaitent acc\u00e9der facilement \u00e0 un large choix de contenus sur diff\u00e9rents appareils. Cette offre permet de profiter d\u2019un univers complet de divertissement avec cha\u00eenes TV, films, s\u00e9ries, sport et programmes internationaux, dans une interface simple \u00e0 configurer et agr\u00e9able \u00e0 utiliser au quotidien.<\/p>\n<p data-start=\"491\" data-end=\"1014\"><strong data-start=\"491\" data-end=\"516\">Richesse des contenus<\/strong><br data-start=\"516\" data-end=\"519\" \/>Ce service met \u00e0 disposition une s\u00e9lection vari\u00e9e de cha\u00eenes internationales avec une attention particuli\u00e8re port\u00e9e au contenu arabe, tr\u00e8s recherch\u00e9 par de nombreux foyers. Il convient aussi bien aux amateurs de divertissement g\u00e9n\u00e9ral qu\u2019aux utilisateurs qui veulent suivre films r\u00e9cents, s\u00e9ries populaires, \u00e9v\u00e9nements sportifs et cha\u00eenes th\u00e9matiques sur une seule solution IPTV premium. Selon l\u2019\u00e9quipement utilis\u00e9 et la qualit\u00e9 de connexion, la lecture peut \u00eatre appr\u00e9ci\u00e9e en SD, HD, FHD et 4K.<\/p>\n<p data-start=\"1016\" data-end=\"1512\"><strong data-start=\"1016\" data-end=\"1047\">Compatibilit\u00e9 des appareils<\/strong><br data-start=\"1047\" data-end=\"1050\" \/>ESP TV PRO DIWAN fonctionne sur de nombreux supports utilis\u00e9s en France. Il peut \u00eatre install\u00e9 sur Smart TV, Google Smart TV, Android TV, Android TV Box, Fire Stick, Amazon Fire TV Stick 4K, Apple TV, Chromecast, Freebox, iPhone iOS, Mac, Windows ainsi que sur certains appareils Formuler comme Formuler Z11 Pro Max et Formuler Z10 SE. Cette large compatibilit\u00e9 aide les utilisateurs \u00e0 profiter du service \u00e0 la maison ou en d\u00e9placement sur l\u2019\u00e9cran de leur choix.<\/p>\n<p data-start=\"1514\" data-end=\"2064\"><strong data-start=\"1514\" data-end=\"1552\">Lecteurs et formats pris en charge<\/strong><br data-start=\"1552\" data-end=\"1555\" \/>L\u2019acc\u00e8s au service peut se faire \u00e0 travers plusieurs lecteurs IPTV populaires comme IPTV Smarters Pro, Smarters Pro Premium, TiviMate, Smart IPTV et VLC. Pour simplifier l\u2019activation, les utilisateurs peuvent utiliser un lien M3U ou les identifiants Xtream Codes selon le lecteur s\u00e9lectionn\u00e9. Sur Android et certains appareils compatibles, l\u2019APK du lecteur peut \u00eatre install\u00e9 rapidement, avec downloader code lorsque cette m\u00e9thode est propos\u00e9e pour acc\u00e9l\u00e9rer la mise en place sur Fire Stick ou Android TV Box.<\/p>\n<p data-start=\"2066\" data-end=\"2593\"><strong data-start=\"2066\" data-end=\"2111\">Installation simple et utilisation fluide<\/strong><br data-start=\"2111\" data-end=\"2114\" \/>ESP TV PRO DIWAN a \u00e9t\u00e9 pens\u00e9 pour offrir une prise en main rapide. Apr\u00e8s r\u00e9ception des acc\u00e8s, l\u2019utilisateur peut renseigner ses Xtream Codes ou ajouter son lien M3U dans l\u2019application compatible de son choix. Cette souplesse permet d\u2019adapter facilement l\u2019installation selon les habitudes de visionnage et le type d\u2019appareil utilis\u00e9. C\u2019est une solution int\u00e9ressante pour les personnes qui recherchent un abonnement IPTV premium facile \u00e0 lancer et pratique \u00e0 utiliser au quotidien.<\/p>\n<p data-start=\"2595\" data-end=\"3179\"><strong data-start=\"2595\" data-end=\"2630\">Exp\u00e9rience premium au quotidien<\/strong><br data-start=\"2630\" data-end=\"2633\" \/>Cette offre convient aux utilisateurs qui veulent centraliser cha\u00eenes, films, s\u00e9ries, sport et contenu international dans un seul service. Gr\u00e2ce \u00e0 la compatibilit\u00e9 avec plusieurs applications reconnues et avec des \u00e9quipements tr\u00e8s r\u00e9pandus en France, ESP TV PRO DIWAN apporte une exp\u00e9rience IPTV compl\u00e8te et moderne. Son orientation premium, la diversit\u00e9 de ses contenus et sa compatibilit\u00e9 avec les solutions de lecture les plus connues en font une option pertinente pour ceux qui cherchent une offre IPTV riche, flexible et simple \u00e0 configurer.<\/p>\n","protected":false},"excerpt":{"rendered":"<p data-start=\"3181\" data-end=\"3689\">ESP TV PRO DIWAN est une offre IPTV premium pens\u00e9e pour profiter de cha\u00eenes internationales, contenu arabe, films, s\u00e9ries et sport sur Smart TV, Android TV, Fire Stick, Apple TV, Chromecast, Freebox, Windows, Mac et iPhone iOS. Compatible avec IPTV Smarters Pro, Smarters Pro Premium, TiviMate, Smart IPTV et VLC, ce service peut \u00eatre configur\u00e9 via lien M3U, Xtream Codes, APK et downloader code, avec lecture possible en SD, HD, FHD et 4K selon l\u2019appareil et la connexion.<\/p>\n","protected":false},"featured_media":10426,"comment_status":"open","ping_status":"closed","template":"","meta":{"_monsterinsights_skip_tracking":false,"_monsterinsights_sitenote_active":false,"_monsterinsights_sitenote_note":"","_monsterinsights_sitenote_category":0,"_joinchat":[]},"product_brand":[],"product_cat":[24],"product_tag":[],"class_list":{"0":"post-10425","1":"product","2":"type-product","3":"status-publish","4":"has-post-thumbnail","6":"product_cat-iptv","8":"first","9":"instock","10":"shipping-taxable","11":"purchasable","12":"product-type-simple"},"_links":{"self":[{"href":"https:\/\/borysat.com\/fr\/wp-json\/wp\/v2\/product\/10425","targetHints":{"allow":["GET"]}}],"collection":[{"href":"https:\/\/borysat.com\/fr\/wp-json\/wp\/v2\/product"}],"about":[{"href":"https:\/\/borysat.com\/fr\/wp-json\/wp\/v2\/types\/product"}],"replies":[{"embeddable":true,"href":"https:\/\/borysat.com\/fr\/wp-json\/wp\/v2\/comments?post=10425"}],"version-history":[{"count":2,"href":"https:\/\/borysat.com\/fr\/wp-json\/wp\/v2\/product\/10425\/revisions"}],"predecessor-version":[{"id":11392,"href":"https:\/\/borysat.com\/fr\/wp-json\/wp\/v2\/product\/10425\/revisions\/11392"}],"wp:featuredmedia":[{"embeddable":true,"href":"https:\/\/borysat.com\/fr\/wp-json\/wp\/v2\/media\/10426"}],"wp:attachment":[{"href":"https:\/\/borysat.com\/fr\/wp-json\/wp\/v2\/media?parent=10425"}],"wp:term":[{"taxonomy":"product_brand","embeddable":true,"href":"https:\/\/borysat.com\/fr\/wp-json\/wp\/v2\/product_brand?post=10425"},{"taxonomy":"product_cat","embeddable":true,"href":"https:\/\/borysat.com\/fr\/wp-json\/wp\/v2\/product_cat?post=10425"},{"taxonomy":"product_tag","embeddable":true,"href":"https:\/\/borysat.com\/fr\/wp-json\/wp\/v2\/product_tag?post=10425"}],"curies":[{"name":"wp","href":"https:\/\/api.w.org\/{rel}","templated":true}]}}