{"id":10438,"date":"2025-03-14T17:30:27","date_gmt":"2025-03-14T16:30:27","guid":{"rendered":"https:\/\/borysat.com\/?post_type=product&#038;p=10438"},"modified":"2026-03-11T21:32:24","modified_gmt":"2026-03-11T20:32:24","slug":"taalimiya","status":"publish","type":"product","link":"https:\/\/borysat.com\/fr\/product\/taalimiya\/","title":{"rendered":"TAALIMIYA"},"content":{"rendered":"<p data-start=\"37\" data-end=\"547\">TAALIMIYA est un abonnement IPTV France premium con\u00e7u pour offrir une exp\u00e9rience fluide, pratique et riche en contenus sur plusieurs appareils. Cette solution donne acc\u00e8s \u00e0 un contenu international vari\u00e9 avec une forte pr\u00e9sence de contenu arabe, incluant cha\u00eenes arabes, films, s\u00e9ries, sport et divertissement. Le bouquet premium permet de profiter d\u2019une lecture en qualit\u00e9 SD, HD, FHD et 4K selon l\u2019appareil utilis\u00e9, le lecteur IPTV choisi et la qualit\u00e9 de connexion disponible.<\/p>\n<p data-start=\"549\" data-end=\"955\"><strong data-start=\"549\" data-end=\"577\">Applications compatibles<\/strong><br data-start=\"577\" data-end=\"580\" \/>Le service fonctionne avec plusieurs lecteurs IPTV populaires comme IPTV Smarters Pro, Smarters Pro Premium, TiviMate, Smart IPTV, VLC et d\u2019autres applications de lecture IPTV. Cette compatibilit\u00e9 facilite l\u2019utilisation sur diff\u00e9rents profils d\u2019utilisateurs, que ce soit pour regarder des cha\u00eenes TV, des films, des s\u00e9ries ou du sport sur une application simple \u00e0 configurer.<\/p>\n<p data-start=\"957\" data-end=\"1374\"><strong data-start=\"957\" data-end=\"990\">Installation et configuration<\/strong><br data-start=\"990\" data-end=\"993\" \/>L\u2019installation peut se faire sur Android via une APK officielle, ou avec un Downloader Code pour t\u00e9l\u00e9charger rapidement l\u2019application du serveur sur les appareils compatibles. L\u2019acc\u00e8s peut aussi \u00eatre configur\u00e9 avec un lien M3U ou avec Xtream Codes dans un lecteur IPTV compatible, ce qui permet de choisir la m\u00e9thode la plus adapt\u00e9e selon l\u2019appareil et les habitudes d\u2019utilisation.<\/p>\n<p data-start=\"1376\" data-end=\"1798\"><strong data-start=\"1376\" data-end=\"1401\">Appareils compatibles<\/strong><br data-start=\"1401\" data-end=\"1404\" \/>Cette offre est compatible avec Fire Stick, Amazon Fire TV Stick 4K, Android TV, Android TV Box, Google Smart TV, Smart TV, Apple TV, Chromecast, iPhone iOS, Mac, Windows, PC, Freebox, Formuler Z11 Pro Max et Formuler Z10 SE. Cette compatibilit\u00e9 \u00e9tendue permet de regarder les contenus sur t\u00e9l\u00e9viseur, box multim\u00e9dia, smartphone, tablette ou ordinateur avec une installation souple et pratique.<\/p>\n<p data-start=\"1800\" data-end=\"2202\"><strong data-start=\"1800\" data-end=\"1819\">Contenu premium<\/strong><br data-start=\"1819\" data-end=\"1822\" \/>TAALIMIYA propose une exp\u00e9rience premium ax\u00e9e sur la richesse des films, s\u00e9ries, cha\u00eenes TV et \u00e9v\u00e9nements sportifs, avec un catalogue diversifi\u00e9 en contenu international et une forte mise en avant du contenu arabe. L\u2019ensemble est pens\u00e9 pour les utilisateurs qui souhaitent profiter d\u2019un serveur IPTV complet, moderne et compatible avec les appareils et lecteurs les plus utilis\u00e9s.<\/p>\n","protected":false},"excerpt":{"rendered":"<p data-start=\"2204\" data-end=\"2664\">TAALIMIYA est une solution IPTV France premium compatible avec IPTV Smarters Pro, Smarters Pro Premium, TiviMate, Smart IPTV et VLC. Installation via APK, Downloader Code, lien M3U ou Xtream Codes sur Fire Stick, Android TV, Apple TV, Chromecast, iPhone iOS, Mac et Windows, avec cha\u00eenes, films, s\u00e9ries et sport en qualit\u00e9 SD, HD, FHD et 4K, ainsi qu\u2019un contenu international riche avec une forte pr\u00e9sence de contenu arabe.<\/p>\n","protected":false},"featured_media":10439,"comment_status":"open","ping_status":"closed","template":"","meta":{"_monsterinsights_skip_tracking":false,"_monsterinsights_sitenote_active":false,"_monsterinsights_sitenote_note":"","_monsterinsights_sitenote_category":0,"_joinchat":[]},"product_brand":[],"product_cat":[24],"product_tag":[],"class_list":{"0":"post-10438","1":"product","2":"type-product","3":"status-publish","4":"has-post-thumbnail","6":"product_cat-iptv","8":"first","9":"instock","10":"shipping-taxable","11":"purchasable","12":"product-type-simple"},"_links":{"self":[{"href":"https:\/\/borysat.com\/fr\/wp-json\/wp\/v2\/product\/10438","targetHints":{"allow":["GET"]}}],"collection":[{"href":"https:\/\/borysat.com\/fr\/wp-json\/wp\/v2\/product"}],"about":[{"href":"https:\/\/borysat.com\/fr\/wp-json\/wp\/v2\/types\/product"}],"replies":[{"embeddable":true,"href":"https:\/\/borysat.com\/fr\/wp-json\/wp\/v2\/comments?post=10438"}],"version-history":[{"count":2,"href":"https:\/\/borysat.com\/fr\/wp-json\/wp\/v2\/product\/10438\/revisions"}],"predecessor-version":[{"id":11384,"href":"https:\/\/borysat.com\/fr\/wp-json\/wp\/v2\/product\/10438\/revisions\/11384"}],"wp:featuredmedia":[{"embeddable":true,"href":"https:\/\/borysat.com\/fr\/wp-json\/wp\/v2\/media\/10439"}],"wp:attachment":[{"href":"https:\/\/borysat.com\/fr\/wp-json\/wp\/v2\/media?parent=10438"}],"wp:term":[{"taxonomy":"product_brand","embeddable":true,"href":"https:\/\/borysat.com\/fr\/wp-json\/wp\/v2\/product_brand?post=10438"},{"taxonomy":"product_cat","embeddable":true,"href":"https:\/\/borysat.com\/fr\/wp-json\/wp\/v2\/product_cat?post=10438"},{"taxonomy":"product_tag","embeddable":true,"href":"https:\/\/borysat.com\/fr\/wp-json\/wp\/v2\/product_tag?post=10438"}],"curies":[{"name":"wp","href":"https:\/\/api.w.org\/{rel}","templated":true}]}}