{"id":10446,"date":"2025-03-14T17:40:44","date_gmt":"2025-03-14T16:40:44","guid":{"rendered":"https:\/\/borysat.com\/?post_type=product&#038;p=10446"},"modified":"2026-03-12T01:27:51","modified_gmt":"2026-03-12T00:27:51","slug":"esp-tv-diwan-iptv","status":"publish","type":"product","link":"https:\/\/borysat.com\/fr\/product\/esp-tv-diwan-iptv\/","title":{"rendered":"ESP TV + DIWAN IPTV"},"content":{"rendered":"<p data-start=\"47\" data-end=\"551\">ESP TV + DIWAN IPTV est un abonnement IPTV France premium con\u00e7u pour offrir une exp\u00e9rience compl\u00e8te, stable et pratique sur plusieurs appareils. Le service permet d\u2019acc\u00e9der \u00e0 un contenu international riche avec une forte pr\u00e9sence de contenu arabe, incluant cha\u00eenes arabes, films, s\u00e9ries, sport et divertissement. Le bouquet premium permet de profiter d\u2019une lecture en qualit\u00e9 SD, HD, FHD et 4K selon l\u2019appareil utilis\u00e9, le lecteur IPTV choisi et la qualit\u00e9 de la connexion.<\/p>\n<p data-start=\"553\" data-end=\"956\"><strong data-start=\"553\" data-end=\"581\">Applications compatibles<\/strong><br data-start=\"581\" data-end=\"584\" \/>ESP TV + DIWAN IPTV prend en charge plusieurs lecteurs IPTV populaires comme IPTV Smarters Pro, Smarters Pro Premium, TiviMate, Smart IPTV, VLC et d\u2019autres applications compatibles. Cette compatibilit\u00e9 permet une utilisation flexible pour les clients qui souhaitent regarder leurs contenus sur une application moderne, simple \u00e0 configurer et adapt\u00e9e \u00e0 diff\u00e9rents supports.<\/p>\n<p data-start=\"958\" data-end=\"1355\"><strong data-start=\"958\" data-end=\"991\">Installation et configuration<\/strong><br data-start=\"991\" data-end=\"994\" \/>L\u2019installation peut se faire via une APK sur Android ou avec un Downloader Code pour t\u00e9l\u00e9charger directement l\u2019application officielle du serveur. Le service peut \u00e9galement \u00eatre configur\u00e9 dans un lecteur IPTV gr\u00e2ce au lien M3U ou aux identifiants Xtream Codes, ce qui permet \u00e0 l\u2019utilisateur de choisir la m\u00e9thode de connexion la plus pratique selon son appareil.<\/p>\n<p data-start=\"1357\" data-end=\"1751\"><strong data-start=\"1357\" data-end=\"1382\">Appareils compatibles<\/strong><br data-start=\"1382\" data-end=\"1385\" \/>ESP TV + DIWAN IPTV est compatible avec Fire Stick, Amazon Fire TV Stick 4K, Android TV, Android TV Box, Google Smart TV, Smart TV, Apple TV, Chromecast, iPhone iOS, Mac, Windows, PC, Freebox, Formuler Z11 Pro Max et Formuler Z10 SE. Cette compatibilit\u00e9 \u00e9tendue permet de profiter facilement du service sur t\u00e9l\u00e9viseur, mobile, tablette, ordinateur ou box multim\u00e9dia.<\/p>\n<p data-start=\"1753\" data-end=\"2129\"><strong data-start=\"1753\" data-end=\"1772\">Contenu premium<\/strong><br data-start=\"1772\" data-end=\"1775\" \/>ESP TV + DIWAN IPTV propose un univers premium riche en cha\u00eenes TV, films, s\u00e9ries et \u00e9v\u00e9nements sportifs avec une forte diversit\u00e9 de contenus internationaux et arabes. Le service met en avant le contenu arabe et les cha\u00eenes arabes tout en offrant un acc\u00e8s fluide \u00e0 un catalogue international vari\u00e9, pour une exp\u00e9rience IPTV compl\u00e8te sur plusieurs \u00e9crans.<\/p>\n","protected":false},"excerpt":{"rendered":"<p data-start=\"2131\" data-end=\"2601\">ESP TV + DIWAN IPTV est une solution IPTV France premium compatible avec IPTV Smarters Pro, Smarters Pro Premium, TiviMate, Smart IPTV et VLC. Installation via APK, Downloader Code, lien M3U ou Xtream Codes sur Fire Stick, Android TV, Apple TV, Chromecast, iPhone iOS, Mac et Windows, avec cha\u00eenes, films, s\u00e9ries et sport en qualit\u00e9 SD, HD, FHD et 4K, ainsi qu\u2019un contenu international riche avec une forte pr\u00e9sence de contenu arabe.<\/p>\n","protected":false},"featured_media":10447,"comment_status":"open","ping_status":"closed","template":"","meta":{"_monsterinsights_skip_tracking":false,"_monsterinsights_sitenote_active":false,"_monsterinsights_sitenote_note":"","_monsterinsights_sitenote_category":0,"_joinchat":[]},"product_brand":[],"product_cat":[24],"product_tag":[],"class_list":{"0":"post-10446","1":"product","2":"type-product","3":"status-publish","4":"has-post-thumbnail","6":"product_cat-iptv","8":"first","9":"instock","10":"sale","11":"shipping-taxable","12":"purchasable","13":"product-type-simple"},"_links":{"self":[{"href":"https:\/\/borysat.com\/fr\/wp-json\/wp\/v2\/product\/10446","targetHints":{"allow":["GET"]}}],"collection":[{"href":"https:\/\/borysat.com\/fr\/wp-json\/wp\/v2\/product"}],"about":[{"href":"https:\/\/borysat.com\/fr\/wp-json\/wp\/v2\/types\/product"}],"replies":[{"embeddable":true,"href":"https:\/\/borysat.com\/fr\/wp-json\/wp\/v2\/comments?post=10446"}],"version-history":[{"count":2,"href":"https:\/\/borysat.com\/fr\/wp-json\/wp\/v2\/product\/10446\/revisions"}],"predecessor-version":[{"id":11379,"href":"https:\/\/borysat.com\/fr\/wp-json\/wp\/v2\/product\/10446\/revisions\/11379"}],"wp:featuredmedia":[{"embeddable":true,"href":"https:\/\/borysat.com\/fr\/wp-json\/wp\/v2\/media\/10447"}],"wp:attachment":[{"href":"https:\/\/borysat.com\/fr\/wp-json\/wp\/v2\/media?parent=10446"}],"wp:term":[{"taxonomy":"product_brand","embeddable":true,"href":"https:\/\/borysat.com\/fr\/wp-json\/wp\/v2\/product_brand?post=10446"},{"taxonomy":"product_cat","embeddable":true,"href":"https:\/\/borysat.com\/fr\/wp-json\/wp\/v2\/product_cat?post=10446"},{"taxonomy":"product_tag","embeddable":true,"href":"https:\/\/borysat.com\/fr\/wp-json\/wp\/v2\/product_tag?post=10446"}],"curies":[{"name":"wp","href":"https:\/\/api.w.org\/{rel}","templated":true}]}}