{"id":10449,"date":"2025-03-14T17:43:33","date_gmt":"2025-03-14T16:43:33","guid":{"rendered":"https:\/\/borysat.com\/?post_type=product&#038;p=10449"},"modified":"2026-03-12T01:29:12","modified_gmt":"2026-03-12T00:29:12","slug":"sonic-iptv","status":"publish","type":"product","link":"https:\/\/borysat.com\/fr\/product\/sonic-iptv\/","title":{"rendered":"SONIC IPTV"},"content":{"rendered":"<p data-start=\"38\" data-end=\"582\">SONIC IPTV est un abonnement IPTV France premium pens\u00e9 pour les utilisateurs qui recherchent une solution simple, compl\u00e8te et agr\u00e9able \u00e0 utiliser sur plusieurs appareils. Le service donne acc\u00e8s \u00e0 un contenu international riche avec une forte pr\u00e9sence de contenu arabe, incluant cha\u00eenes arabes, films, s\u00e9ries, sport et divertissement. Le catalogue premium permet de profiter d\u2019une exp\u00e9rience de visionnage en qualit\u00e9 SD, HD, FHD et 4K selon l\u2019appareil utilis\u00e9, le lecteur IPTV choisi et la qualit\u00e9 de la connexion.<\/p>\n<p data-start=\"584\" data-end=\"962\"><strong data-start=\"584\" data-end=\"612\">Applications compatibles<\/strong><br data-start=\"612\" data-end=\"615\" \/>SONIC IPTV fonctionne avec plusieurs lecteurs IPTV populaires comme IPTV Smarters Pro, Smarters Pro Premium, TiviMate, Smart IPTV, VLC et d\u2019autres applications IPTV compatibles. Cette compatibilit\u00e9 permet une utilisation flexible pour les utilisateurs qui veulent regarder leurs contenus sur une application moderne, fluide et facile \u00e0 configurer.<\/p>\n<p data-start=\"964\" data-end=\"1339\"><strong data-start=\"964\" data-end=\"997\">Installation et configuration<\/strong><br data-start=\"997\" data-end=\"1000\" \/>L\u2019installation de SONIC IPTV peut se faire via une APK sur Android ou avec un Downloader Code pour t\u00e9l\u00e9charger directement l\u2019application officielle du serveur. Le service peut \u00e9galement \u00eatre configur\u00e9 dans un lecteur IPTV gr\u00e2ce au lien M3U ou aux identifiants Xtream Codes, selon la m\u00e9thode choisie par l\u2019utilisateur et l\u2019appareil utilis\u00e9.<\/p>\n<p data-start=\"1341\" data-end=\"1724\"><strong data-start=\"1341\" data-end=\"1366\">Appareils compatibles<\/strong><br data-start=\"1366\" data-end=\"1369\" \/>SONIC IPTV est compatible avec Fire Stick, Amazon Fire TV Stick 4K, Android TV, Android TV Box, Google Smart TV, Smart TV, Apple TV, Chromecast, iPhone iOS, Mac, Windows, PC, Freebox, Formuler Z11 Pro Max et Formuler Z10 SE. Cette large compatibilit\u00e9 permet de profiter facilement du service sur t\u00e9l\u00e9viseur, mobile, tablette, ordinateur ou box multim\u00e9dia.<\/p>\n<p data-start=\"1726\" data-end=\"2091\"><strong data-start=\"1726\" data-end=\"1745\">Contenu premium<\/strong><br data-start=\"1745\" data-end=\"1748\" \/>SONIC IPTV propose un univers premium riche en cha\u00eenes TV, films, s\u00e9ries et \u00e9v\u00e9nements sportifs avec une forte diversit\u00e9 de contenus internationaux et arabes. Le service met en avant le contenu arabe et les cha\u00eenes arabes tout en offrant un acc\u00e8s fluide \u00e0 un contenu international vari\u00e9, pour une exp\u00e9rience IPTV compl\u00e8te sur plusieurs \u00e9crans.<\/p>\n","protected":false},"excerpt":{"rendered":"<p data-start=\"2093\" data-end=\"2555\">SONIC IPTV est un abonnement IPTV France premium compatible avec IPTV Smarters Pro, Smarters Pro Premium, TiviMate, Smart IPTV et VLC. Installation via APK, Downloader Code, lien M3U ou Xtream Codes sur Fire Stick, Android TV, Apple TV, Chromecast, iPhone iOS, Mac et Windows, avec cha\u00eenes, films, s\u00e9ries et sport en qualit\u00e9 SD, HD, FHD et 4K, ainsi qu\u2019un contenu international riche avec une forte pr\u00e9sence de contenu arabe.<\/p>\n","protected":false},"featured_media":10450,"comment_status":"open","ping_status":"closed","template":"","meta":{"_monsterinsights_skip_tracking":false,"_monsterinsights_sitenote_active":false,"_monsterinsights_sitenote_note":"","_monsterinsights_sitenote_category":0,"_joinchat":[]},"product_brand":[],"product_cat":[24],"product_tag":[],"class_list":{"0":"post-10449","1":"product","2":"type-product","3":"status-publish","4":"has-post-thumbnail","6":"product_cat-iptv","8":"first","9":"instock","10":"shipping-taxable","11":"purchasable","12":"product-type-simple"},"_links":{"self":[{"href":"https:\/\/borysat.com\/fr\/wp-json\/wp\/v2\/product\/10449","targetHints":{"allow":["GET"]}}],"collection":[{"href":"https:\/\/borysat.com\/fr\/wp-json\/wp\/v2\/product"}],"about":[{"href":"https:\/\/borysat.com\/fr\/wp-json\/wp\/v2\/types\/product"}],"replies":[{"embeddable":true,"href":"https:\/\/borysat.com\/fr\/wp-json\/wp\/v2\/comments?post=10449"}],"version-history":[{"count":3,"href":"https:\/\/borysat.com\/fr\/wp-json\/wp\/v2\/product\/10449\/revisions"}],"predecessor-version":[{"id":11378,"href":"https:\/\/borysat.com\/fr\/wp-json\/wp\/v2\/product\/10449\/revisions\/11378"}],"wp:featuredmedia":[{"embeddable":true,"href":"https:\/\/borysat.com\/fr\/wp-json\/wp\/v2\/media\/10450"}],"wp:attachment":[{"href":"https:\/\/borysat.com\/fr\/wp-json\/wp\/v2\/media?parent=10449"}],"wp:term":[{"taxonomy":"product_brand","embeddable":true,"href":"https:\/\/borysat.com\/fr\/wp-json\/wp\/v2\/product_brand?post=10449"},{"taxonomy":"product_cat","embeddable":true,"href":"https:\/\/borysat.com\/fr\/wp-json\/wp\/v2\/product_cat?post=10449"},{"taxonomy":"product_tag","embeddable":true,"href":"https:\/\/borysat.com\/fr\/wp-json\/wp\/v2\/product_tag?post=10449"}],"curies":[{"name":"wp","href":"https:\/\/api.w.org\/{rel}","templated":true}]}}