{"id":10455,"date":"2025-03-14T17:49:46","date_gmt":"2025-03-14T16:49:46","guid":{"rendered":"https:\/\/borysat.com\/?post_type=product&#038;p=10455"},"modified":"2026-03-11T21:11:42","modified_gmt":"2026-03-11T20:11:42","slug":"diwan-iptv","status":"publish","type":"product","link":"https:\/\/borysat.com\/fr\/product\/diwan-iptv\/","title":{"rendered":"DIWAN IPTV"},"content":{"rendered":"<p data-start=\"286\" data-end=\"806\">DIWAN IPTV est un abonnement IPTV France premium con\u00e7u pour offrir une utilisation simple, stable et agr\u00e9able sur une grande vari\u00e9t\u00e9 d\u2019appareils. Le service permet d\u2019acc\u00e9der \u00e0 un contenu international riche avec une pr\u00e9sence importante de contenu arabe, incluant cha\u00eenes arabes, films, s\u00e9ries, sport et divertissement. Le catalogue premium donne acc\u00e8s \u00e0 diff\u00e9rentes qualit\u00e9s de lecture comme SD, HD, FHD et 4K selon l\u2019appareil utilis\u00e9, le lecteur IPTV choisi et la qualit\u00e9 de la connexion.<\/p>\n<p data-start=\"808\" data-end=\"1217\"><strong data-start=\"808\" data-end=\"836\">Applications compatibles<\/strong><br data-start=\"836\" data-end=\"839\" \/>DIWAN IPTV peut \u00eatre utilis\u00e9 avec plusieurs lecteurs IPTV populaires comme IPTV Smarters Pro, Smarters Pro Premium, TiviMate, Smart IPTV, VLC et d\u2019autres applications IPTV compatibles. Cette compatibilit\u00e9 permet une installation flexible pour les utilisateurs qui pr\u00e9f\u00e8rent regarder leurs contenus sur une application moderne, simple \u00e0 configurer et adapt\u00e9e \u00e0 diff\u00e9rents usages.<\/p>\n<p data-start=\"1219\" data-end=\"1643\"><strong data-start=\"1219\" data-end=\"1252\">Installation et configuration<\/strong><br data-start=\"1252\" data-end=\"1255\" \/>L\u2019installation de DIWAN IPTV peut se faire via une APK sur Android ou avec un Downloader Code pour r\u00e9cup\u00e9rer et installer directement l\u2019application officielle du serveur. Le service peut aussi \u00eatre ajout\u00e9 dans un lecteur compatible gr\u00e2ce au lien M3U ou aux identifiants Xtream Codes, ce qui laisse \u00e0 l\u2019utilisateur plusieurs m\u00e9thodes de configuration selon son appareil et ses pr\u00e9f\u00e9rences.<\/p>\n<p data-start=\"1645\" data-end=\"2028\"><strong data-start=\"1645\" data-end=\"1670\">Appareils compatibles<\/strong><br data-start=\"1670\" data-end=\"1673\" \/>DIWAN IPTV est compatible avec Fire Stick, Amazon Fire TV Stick 4K, Android TV, Android TV Box, Google Smart TV, Smart TV, Apple TV, Chromecast, iPhone iOS, Mac, Windows, PC, Freebox, Formuler Z11 Pro Max et Formuler Z10 SE. Cette large compatibilit\u00e9 permet de profiter facilement du service sur t\u00e9l\u00e9viseur, mobile, tablette, ordinateur ou box multim\u00e9dia.<\/p>\n<p data-start=\"2030\" data-end=\"2488\"><strong data-start=\"2030\" data-end=\"2049\">Contenu premium<\/strong><br data-start=\"2049\" data-end=\"2052\" \/>DIWAN IPTV propose une exp\u00e9rience premium pens\u00e9e pour les utilisateurs qui recherchent un large choix de films, s\u00e9ries, cha\u00eenes TV et \u00e9v\u00e9nements sportifs sur plusieurs \u00e9crans. Le service met en avant le contenu international tout en donnant une place importante au contenu arabe et aux cha\u00eenes arabes, afin d\u2019offrir une exp\u00e9rience plus compl\u00e8te et adapt\u00e9e \u00e0 un public francophone qui recherche aussi des contenus arabophones de qualit\u00e9.<\/p>\n","protected":false},"excerpt":{"rendered":"<p data-start=\"2490\" data-end=\"2934\">DIWAN IPTV propose une exp\u00e9rience IPTV premium avec acc\u00e8s \u00e0 des cha\u00eenes, films, s\u00e9ries et sport en qualit\u00e9 SD, HD, FHD et 4K. Compatible avec IPTV Smarters Pro, TiviMate, VLC, Fire Stick, Android TV, Apple TV, Chromecast, Mac, Windows et iPhone iOS, le service peut \u00eatre install\u00e9 via APK, Downloader Code, lien M3U ou Xtream Codes, avec un contenu international riche et un accent fort sur le contenu arabe.<\/p>\n","protected":false},"featured_media":10456,"comment_status":"open","ping_status":"closed","template":"","meta":{"_monsterinsights_skip_tracking":false,"_monsterinsights_sitenote_active":false,"_monsterinsights_sitenote_note":"","_monsterinsights_sitenote_category":0,"_joinchat":[]},"product_brand":[],"product_cat":[24],"product_tag":[],"class_list":{"0":"post-10455","1":"product","2":"type-product","3":"status-publish","4":"has-post-thumbnail","6":"product_cat-iptv","8":"first","9":"instock","10":"shipping-taxable","11":"purchasable","12":"product-type-simple"},"_links":{"self":[{"href":"https:\/\/borysat.com\/fr\/wp-json\/wp\/v2\/product\/10455","targetHints":{"allow":["GET"]}}],"collection":[{"href":"https:\/\/borysat.com\/fr\/wp-json\/wp\/v2\/product"}],"about":[{"href":"https:\/\/borysat.com\/fr\/wp-json\/wp\/v2\/types\/product"}],"replies":[{"embeddable":true,"href":"https:\/\/borysat.com\/fr\/wp-json\/wp\/v2\/comments?post=10455"}],"version-history":[{"count":2,"href":"https:\/\/borysat.com\/fr\/wp-json\/wp\/v2\/product\/10455\/revisions"}],"predecessor-version":[{"id":11373,"href":"https:\/\/borysat.com\/fr\/wp-json\/wp\/v2\/product\/10455\/revisions\/11373"}],"wp:featuredmedia":[{"embeddable":true,"href":"https:\/\/borysat.com\/fr\/wp-json\/wp\/v2\/media\/10456"}],"wp:attachment":[{"href":"https:\/\/borysat.com\/fr\/wp-json\/wp\/v2\/media?parent=10455"}],"wp:term":[{"taxonomy":"product_brand","embeddable":true,"href":"https:\/\/borysat.com\/fr\/wp-json\/wp\/v2\/product_brand?post=10455"},{"taxonomy":"product_cat","embeddable":true,"href":"https:\/\/borysat.com\/fr\/wp-json\/wp\/v2\/product_cat?post=10455"},{"taxonomy":"product_tag","embeddable":true,"href":"https:\/\/borysat.com\/fr\/wp-json\/wp\/v2\/product_tag?post=10455"}],"curies":[{"name":"wp","href":"https:\/\/api.w.org\/{rel}","templated":true}]}}