{"id":10985,"date":"2026-02-24T22:52:04","date_gmt":"2026-02-24T21:52:04","guid":{"rendered":"https:\/\/borysat.com\/?post_type=product&#038;p=10985"},"modified":"2026-03-12T04:18:29","modified_gmt":"2026-03-12T03:18:29","slug":"strong-8k-iptv","status":"publish","type":"product","link":"https:\/\/borysat.com\/fr\/product\/strong-8k-iptv\/","title":{"rendered":"STRONG 8K IPTV"},"content":{"rendered":"<p data-start=\"37\" data-end=\"518\">STRONG 8K est un abonnement IPTV France premium pens\u00e9 pour les utilisateurs qui veulent une exp\u00e9rience fluide, riche et simple \u00e0 utiliser au quotidien. Le service donne acc\u00e8s \u00e0 un contenu international vari\u00e9 avec une forte pr\u00e9sence de contenu arabe, incluant cha\u00eenes arabes, films, s\u00e9ries, sport et divertissement. Le catalogue premium permet de profiter de contenus en qualit\u00e9 SD, HD, FHD et 4K selon l\u2019appareil, le lecteur et la connexion utilis\u00e9s.<\/p>\n<p data-start=\"520\" data-end=\"920\"><strong data-start=\"520\" data-end=\"548\">Applications compatibles<\/strong><br data-start=\"548\" data-end=\"551\" \/>STRONG 8K fonctionne avec plusieurs lecteurs IPTV populaires comme IPTV Smarters Pro, Smarters Pro Premium, TiviMate, Smart IPTV, VLC et d\u2019autres applications de lecture IPTV. Cette compatibilit\u00e9 facilite l\u2019utilisation du service sur diff\u00e9rents profils d\u2019utilisateurs, que ce soit pour regarder des films, des s\u00e9ries, des cha\u00eenes internationales ou des bouquets arabes.<\/p>\n<p data-start=\"922\" data-end=\"1309\"><strong data-start=\"922\" data-end=\"955\">Installation et configuration<\/strong><br data-start=\"955\" data-end=\"958\" \/>L\u2019installation de STRONG 8K peut se faire de mani\u00e8re simple avec une APK sur Android ou avec un Downloader Code pour t\u00e9l\u00e9charger directement l\u2019application officielle du serveur sur les appareils compatibles. Le service peut aussi \u00eatre configur\u00e9 avec lien M3U ou Xtream Codes dans un lecteur IPTV compatible, selon la m\u00e9thode choisie par l\u2019utilisateur.<\/p>\n<p data-start=\"1311\" data-end=\"1682\"><strong data-start=\"1311\" data-end=\"1336\">Appareils compatibles<\/strong><br data-start=\"1336\" data-end=\"1339\" \/>STRONG 8K est compatible avec Fire Stick, Amazon Fire TV Stick 4K, Android TV, Android TV Box, Google Smart TV, Smart TV, Apple TV, Chromecast, iPhone iOS, Mac, Windows, PC, Freebox, Formuler Z11 Pro Max et Formuler Z10 SE. Cette large compatibilit\u00e9 permet de profiter du service sur t\u00e9l\u00e9viseur, mobile, tablette, ordinateur ou box multim\u00e9dia.<\/p>\n<p data-start=\"1684\" data-end=\"2063\"><strong data-start=\"1684\" data-end=\"1703\">Contenu premium<\/strong><br data-start=\"1703\" data-end=\"1706\" \/>Avec STRONG 8K, l\u2019utilisateur profite d\u2019un univers complet de films, s\u00e9ries, cha\u00eenes TV et \u00e9v\u00e9nements sportifs avec une forte richesse de contenus en plusieurs langues. Le service met aussi en avant le contenu arabe et les cha\u00eenes arabes, tout en conservant une large ouverture vers le contenu international pour r\u00e9pondre \u00e0 diff\u00e9rents besoins de visionnage.<\/p>\n","protected":false},"excerpt":{"rendered":"<p data-path-to-node=\"5\">STRONG 8K est un abonnement IPTV France premium compatible avec IPTV Smarters Pro, Smarters Pro Premium, TiviMate, Smart IPTV et VLC. Installation via APK, Downloader Code, lien M3U ou Xtream Codes sur Fire Stick, Android TV, Apple TV, Chromecast, iPhone iOS, Mac et Windows, avec films, s\u00e9ries, cha\u00eenes et sport en qualit\u00e9 SD, HD, FHD et 4K, ainsi qu\u2019un contenu international riche avec une forte pr\u00e9sence de contenu arabe.<\/p>\n","protected":false},"featured_media":10987,"comment_status":"open","ping_status":"closed","template":"","meta":{"_monsterinsights_skip_tracking":false,"_monsterinsights_sitenote_active":false,"_monsterinsights_sitenote_note":"","_monsterinsights_sitenote_category":0,"_joinchat":[]},"product_brand":[],"product_cat":[24],"product_tag":[],"class_list":{"0":"post-10985","1":"product","2":"type-product","3":"status-publish","4":"has-post-thumbnail","6":"product_cat-iptv","8":"first","9":"instock","10":"sale","11":"featured","12":"shipping-taxable","13":"purchasable","14":"product-type-simple"},"_links":{"self":[{"href":"https:\/\/borysat.com\/fr\/wp-json\/wp\/v2\/product\/10985","targetHints":{"allow":["GET"]}}],"collection":[{"href":"https:\/\/borysat.com\/fr\/wp-json\/wp\/v2\/product"}],"about":[{"href":"https:\/\/borysat.com\/fr\/wp-json\/wp\/v2\/types\/product"}],"replies":[{"embeddable":true,"href":"https:\/\/borysat.com\/fr\/wp-json\/wp\/v2\/comments?post=10985"}],"version-history":[{"count":4,"href":"https:\/\/borysat.com\/fr\/wp-json\/wp\/v2\/product\/10985\/revisions"}],"predecessor-version":[{"id":11459,"href":"https:\/\/borysat.com\/fr\/wp-json\/wp\/v2\/product\/10985\/revisions\/11459"}],"wp:featuredmedia":[{"embeddable":true,"href":"https:\/\/borysat.com\/fr\/wp-json\/wp\/v2\/media\/10987"}],"wp:attachment":[{"href":"https:\/\/borysat.com\/fr\/wp-json\/wp\/v2\/media?parent=10985"}],"wp:term":[{"taxonomy":"product_brand","embeddable":true,"href":"https:\/\/borysat.com\/fr\/wp-json\/wp\/v2\/product_brand?post=10985"},{"taxonomy":"product_cat","embeddable":true,"href":"https:\/\/borysat.com\/fr\/wp-json\/wp\/v2\/product_cat?post=10985"},{"taxonomy":"product_tag","embeddable":true,"href":"https:\/\/borysat.com\/fr\/wp-json\/wp\/v2\/product_tag?post=10985"}],"curies":[{"name":"wp","href":"https:\/\/api.w.org\/{rel}","templated":true}]}}