{"id":9950,"date":"2024-01-22T21:00:49","date_gmt":"2024-01-22T21:00:49","guid":{"rendered":"https:\/\/borysat.com\/?post_type=product&#038;p=9950"},"modified":"2026-03-12T01:04:05","modified_gmt":"2026-03-12T00:04:05","slug":"mmtv-iptv","status":"publish","type":"product","link":"https:\/\/borysat.com\/fr\/product\/mmtv-iptv\/","title":{"rendered":"MMTV IPTV"},"content":{"rendered":"<p data-start=\"35\" data-end=\"605\"><strong data-start=\"64\" data-end=\"118\">Une offre IPTV premium \u00e0 fort potentiel commercial<\/strong><br data-start=\"118\" data-end=\"121\" \/>MMTV IPTV est une solution IPTV premium pens\u00e9e pour les utilisateurs en France qui recherchent une offre compl\u00e8te, fluide et simple \u00e0 utiliser sur plusieurs appareils. Ce service a \u00e9t\u00e9 imagin\u00e9 pour devenir une fiche forte sur Borysat, avec un positionnement plus s\u00e9rieux, plus vendeur et plus marquant qu\u2019une offre trop g\u00e9n\u00e9rique. Il permet d\u2019acc\u00e9der facilement \u00e0 un large univers de cha\u00eenes TV, films, s\u00e9ries, sport et contenus internationaux dans une exp\u00e9rience moderne et pratique.<\/p>\n<p data-start=\"607\" data-end=\"1246\"><strong data-start=\"607\" data-end=\"671\">Un catalogue riche pour films, s\u00e9ries, sport et cha\u00eenes live<\/strong><br data-start=\"671\" data-end=\"674\" \/>Cette offre met en avant une exp\u00e9rience de divertissement compl\u00e8te avec des cha\u00eenes internationales, des films premium, des s\u00e9ries populaires, des programmes vari\u00e9s et une s\u00e9lection sportive appr\u00e9ci\u00e9e par les utilisateurs qui veulent tout regrouper dans une seule solution. Une place importante peut aussi \u00eatre donn\u00e9e au contenu arabe, avec des cha\u00eenes arabes et des programmes recherch\u00e9s par les foyers qui souhaitent garder un acc\u00e8s simple \u00e0 leurs contenus favoris. Selon l\u2019appareil utilis\u00e9 et la connexion disponible, la lecture peut \u00eatre possible en SD, HD, FHD et 4K.<\/p>\n<p data-start=\"1248\" data-end=\"1825\"><strong data-start=\"1248\" data-end=\"1314\">Une compatibilit\u00e9 large avec les appareils les plus recherch\u00e9s<\/strong><br data-start=\"1314\" data-end=\"1317\" \/>MMTV IPTV fonctionne sur les supports les plus populaires du march\u00e9 fran\u00e7ais. Le service peut \u00eatre utilis\u00e9 sur Smart TV, Google Smart TV, Android TV, Android TV Box, Fire Stick, Amazon Fire TV Stick 4K, Apple TV, Chromecast, Freebox, iPhone iOS, Mac et Windows. Il peut aussi convenir \u00e0 certains appareils sp\u00e9cialis\u00e9s comme Formuler Z11 Pro Max et Formuler Z10 SE. Cette compatibilit\u00e9 \u00e9tendue permet de profiter du service sur t\u00e9l\u00e9vision, ordinateur, box IPTV 4K ou appareil mobile avec une grande souplesse.<\/p>\n<p data-start=\"1827\" data-end=\"2311\"><strong data-start=\"1827\" data-end=\"1873\">Des lecteurs connus et des acc\u00e8s flexibles<\/strong><br data-start=\"1873\" data-end=\"1876\" \/>La solution est compatible avec IPTV Smarters Pro, Smarters Pro Premium, TiviMate, Smart IPTV et VLC. L\u2019activation peut se faire via lien M3U ou Xtream Codes selon l\u2019application choisie et les pr\u00e9f\u00e9rences de l\u2019utilisateur. Sur Android et Android TV Box, l\u2019installation peut aussi passer par une APK, avec downloader code lorsque cette m\u00e9thode est propos\u00e9e pour faciliter la configuration sur Fire Stick et autres appareils compatibles.<\/p>\n<p data-start=\"2313\" data-end=\"2756\"><strong data-start=\"2313\" data-end=\"2357\">Installation simple et exp\u00e9rience fluide<\/strong><br data-start=\"2357\" data-end=\"2360\" \/>Apr\u00e8s r\u00e9ception des acc\u00e8s, la mise en route reste rapide. Il suffit g\u00e9n\u00e9ralement d\u2019ajouter le lien M3U ou de saisir les identifiants Xtream Codes dans le lecteur choisi. Cette flexibilit\u00e9 rend le service accessible aussi bien aux d\u00e9butants qu\u2019aux utilisateurs d\u00e9j\u00e0 familiers des solutions IPTV premium. L\u2019objectif est de proposer une exp\u00e9rience simple, stable et agr\u00e9able \u00e0 utiliser au quotidien.<\/p>\n<p data-start=\"2758\" data-end=\"3305\"><strong data-start=\"2758\" data-end=\"2808\">Un produit important avec une image plus forte<\/strong><br data-start=\"2808\" data-end=\"2811\" \/>MMTV IPTV poss\u00e8de un nom court, m\u00e9morable et facile \u00e0 retenir, ce qui en fait un produit strat\u00e9gique pour une boutique comme Borysat. Son identit\u00e9 permet de construire une fiche plus solide, avec un angle premium, une meilleure valeur per\u00e7ue et une approche plus commerciale. Gr\u00e2ce \u00e0 la richesse de son catalogue, \u00e0 sa compatibilit\u00e9 compl\u00e8te et \u00e0 sa facilit\u00e9 d\u2019installation, cette solution peut devenir l\u2019un des produits les plus attractifs du site pour les recherches li\u00e9es \u00e0 l\u2019IPTV en France.<\/p>\n","protected":false},"excerpt":{"rendered":"<p data-start=\"3307\" data-end=\"3810\">MMTV IPTV est une offre IPTV premium con\u00e7ue pour regarder cha\u00eenes internationales, contenu arabe, films, s\u00e9ries et sport sur Smart TV, Android TV, Android TV Box, Fire Stick, Apple TV, Chromecast, Freebox, Windows, Mac et iPhone iOS. Compatible avec IPTV Smarters Pro, Smarters Pro Premium, TiviMate, Smart IPTV, VLC, lien M3U, Xtream Codes, APK et downloader code, ce service prend en charge une lecture possible en SD, HD, FHD et 4K selon l\u2019appareil et la connexion.<\/p>\n<p data-start=\"3812\" data-end=\"3863\">\n","protected":false},"featured_media":9951,"comment_status":"open","ping_status":"closed","template":"","meta":{"_monsterinsights_skip_tracking":false,"_monsterinsights_sitenote_active":false,"_monsterinsights_sitenote_note":"","_monsterinsights_sitenote_category":0,"_joinchat":[]},"product_brand":[],"product_cat":[24],"product_tag":[],"class_list":{"0":"post-9950","1":"product","2":"type-product","3":"status-publish","4":"has-post-thumbnail","6":"product_cat-iptv","8":"first","9":"instock","10":"sale","11":"featured","12":"shipping-taxable","13":"purchasable","14":"product-type-simple"},"_links":{"self":[{"href":"https:\/\/borysat.com\/fr\/wp-json\/wp\/v2\/product\/9950","targetHints":{"allow":["GET"]}}],"collection":[{"href":"https:\/\/borysat.com\/fr\/wp-json\/wp\/v2\/product"}],"about":[{"href":"https:\/\/borysat.com\/fr\/wp-json\/wp\/v2\/types\/product"}],"replies":[{"embeddable":true,"href":"https:\/\/borysat.com\/fr\/wp-json\/wp\/v2\/comments?post=9950"}],"version-history":[{"count":2,"href":"https:\/\/borysat.com\/fr\/wp-json\/wp\/v2\/product\/9950\/revisions"}],"predecessor-version":[{"id":11423,"href":"https:\/\/borysat.com\/fr\/wp-json\/wp\/v2\/product\/9950\/revisions\/11423"}],"wp:featuredmedia":[{"embeddable":true,"href":"https:\/\/borysat.com\/fr\/wp-json\/wp\/v2\/media\/9951"}],"wp:attachment":[{"href":"https:\/\/borysat.com\/fr\/wp-json\/wp\/v2\/media?parent=9950"}],"wp:term":[{"taxonomy":"product_brand","embeddable":true,"href":"https:\/\/borysat.com\/fr\/wp-json\/wp\/v2\/product_brand?post=9950"},{"taxonomy":"product_cat","embeddable":true,"href":"https:\/\/borysat.com\/fr\/wp-json\/wp\/v2\/product_cat?post=9950"},{"taxonomy":"product_tag","embeddable":true,"href":"https:\/\/borysat.com\/fr\/wp-json\/wp\/v2\/product_tag?post=9950"}],"curies":[{"name":"wp","href":"https:\/\/api.w.org\/{rel}","templated":true}]}}