{"id":9968,"date":"2024-01-22T21:04:57","date_gmt":"2024-01-22T21:04:57","guid":{"rendered":"https:\/\/borysat.com\/?post_type=product&#038;p=9968"},"modified":"2026-03-21T00:59:57","modified_gmt":"2026-03-20T23:59:57","slug":"dmtn-iptv","status":"publish","type":"product","link":"https:\/\/borysat.com\/fr\/product\/dmtn-iptv\/","title":{"rendered":"DMTN IPTV"},"content":{"rendered":"<p data-start=\"35\" data-end=\"548\"><strong data-start=\"64\" data-end=\"137\">Une offre IPTV premium con\u00e7ue pour s\u00e9duire les utilisateurs exigeants<\/strong><br data-start=\"137\" data-end=\"140\" \/>DMTN IPTV est une solution IPTV premium pens\u00e9e pour les utilisateurs en France qui recherchent une offre compl\u00e8te, moderne et performante pour centraliser tous leurs contenus sur une seule interface. Cette solution permet de profiter d\u2019un large univers de cha\u00eenes TV, de films, de s\u00e9ries, de sport et de programmes internationaux avec une installation simple et une exp\u00e9rience fluide sur plusieurs appareils.<\/p>\n<p data-start=\"550\" data-end=\"1182\"><strong data-start=\"550\" data-end=\"606\">Un catalogue riche pour une exp\u00e9rience plus compl\u00e8te<\/strong><br data-start=\"606\" data-end=\"609\" \/>Cette offre se distingue par la diversit\u00e9 de son univers de divertissement. Elle permet d\u2019acc\u00e9der \u00e0 des cha\u00eenes internationales, \u00e0 des films premium, \u00e0 des s\u00e9ries populaires, \u00e0 des programmes vari\u00e9s pour toute la famille et \u00e0 de nombreux contenus sportifs. Une place importante peut aussi \u00eatre accord\u00e9e au contenu arabe, avec des cha\u00eenes arabes et des programmes recherch\u00e9s par les clients qui souhaitent retrouver facilement leurs habitudes de visionnage. Selon l\u2019appareil utilis\u00e9 et la qualit\u00e9 de connexion disponible, la lecture peut \u00eatre appr\u00e9ci\u00e9e en SD, HD, FHD et 4K.<\/p>\n<p data-start=\"1184\" data-end=\"1766\"><strong data-start=\"1184\" data-end=\"1248\">Une compatibilit\u00e9 large avec les appareils les plus demand\u00e9s<\/strong><br data-start=\"1248\" data-end=\"1251\" \/>DMTN IPTV a \u00e9t\u00e9 pens\u00e9 pour fonctionner sur les supports les plus utilis\u00e9s par les clients en France. Le service est compatible avec Smart TV, Google Smart TV, Android TV, Android TV Box, Fire Stick, Amazon Fire TV Stick 4K, Apple TV, Chromecast, Freebox, iPhone iOS, Mac, Windows ainsi qu\u2019avec certains appareils sp\u00e9cialis\u00e9s comme Formuler Z11 Pro Max et Formuler Z10 SE. Cette compatibilit\u00e9 \u00e9tendue permet de profiter du service sur t\u00e9l\u00e9viseur, ordinateur, box IPTV 4K ou appareil mobile avec une grande souplesse.<\/p>\n<p data-start=\"1768\" data-end=\"2282\"><strong data-start=\"1768\" data-end=\"1826\">Des applications connues et plusieurs m\u00e9thodes d\u2019acc\u00e8s<\/strong><br data-start=\"1826\" data-end=\"1829\" \/>Le service fonctionne avec plusieurs lecteurs populaires comme IPTV Smarters Pro, Smarters Pro Premium, TiviMate, Smart IPTV et VLC. Selon le lecteur choisi, l\u2019activation peut se faire via lien M3U ou Xtream Codes. Sur Android et sur certains appareils compatibles, l\u2019installation peut aussi passer par une APK, avec downloader code lorsque cette m\u00e9thode est disponible pour simplifier encore davantage la mise en route sur Fire Stick ou Android TV Box.<\/p>\n<p data-start=\"2284\" data-end=\"2774\"><strong data-start=\"2284\" data-end=\"2337\">Une installation rapide et une utilisation fluide<\/strong><br data-start=\"2337\" data-end=\"2340\" \/>Apr\u00e8s r\u00e9ception des acc\u00e8s, la configuration reste simple pour l\u2019utilisateur. Il suffit g\u00e9n\u00e9ralement d\u2019ajouter le lien M3U ou d\u2019entrer les identifiants Xtream Codes dans l\u2019application compatible choisie. Cette flexibilit\u00e9 rend l\u2019offre accessible aussi bien aux d\u00e9butants qu\u2019aux utilisateurs d\u00e9j\u00e0 familiers des services IPTV premium. L\u2019ensemble est pens\u00e9 pour offrir une prise en main rapide et une utilisation confortable au quotidien.<\/p>\n<p data-start=\"2776\" data-end=\"3346\"><strong data-start=\"2776\" data-end=\"2836\">Un positionnement fort pour une fiche produit importante<\/strong><br data-start=\"2836\" data-end=\"2839\" \/>DMTN IPTV poss\u00e8de un nom court, moderne et m\u00e9morable, ce qui lui donne un vrai potentiel commercial sur une boutique comme Borysat. Cette identit\u00e9 permet de construire une fiche produit plus marquante, plus premium et plus diff\u00e9renciante que des offres au nom trop g\u00e9n\u00e9rique. Gr\u00e2ce \u00e0 sa richesse de contenus, \u00e0 sa compatibilit\u00e9 \u00e9tendue et \u00e0 sa simplicit\u00e9 d\u2019acc\u00e8s, cette solution peut s\u00e9duire les clients qui recherchent un abonnement IPTV premium s\u00e9rieux, attractif et bien pr\u00e9sent\u00e9 pour le march\u00e9 fran\u00e7ais.<\/p>\n","protected":false},"excerpt":{"rendered":"<p data-start=\"3348\" data-end=\"3865\">DMTN IPTV est une offre IPTV premium con\u00e7ue pour profiter de cha\u00eenes internationales, contenu arabe, films, s\u00e9ries et sport sur Smart TV, Android TV, Android TV Box, Fire Stick, Apple TV, Chromecast, Freebox, Windows, Mac et iPhone iOS. Compatible avec IPTV Smarters Pro, Smarters Pro Premium, TiviMate, Smart IPTV et VLC, ce service peut \u00eatre configur\u00e9 via lien M3U, Xtream Codes, APK et downloader code, avec lecture possible en SD, HD, FHD et 4K selon l\u2019appareil et la connexion.<\/p>\n","protected":false},"featured_media":9969,"comment_status":"open","ping_status":"closed","template":"","meta":{"_monsterinsights_skip_tracking":false,"_monsterinsights_sitenote_active":false,"_monsterinsights_sitenote_note":"","_monsterinsights_sitenote_category":0,"_joinchat":[]},"product_brand":[],"product_cat":[24],"product_tag":[],"class_list":{"0":"post-9968","1":"product","2":"type-product","3":"status-publish","4":"has-post-thumbnail","6":"product_cat-iptv","8":"first","9":"outofstock","10":"sale","11":"shipping-taxable","12":"purchasable","13":"product-type-simple"},"_links":{"self":[{"href":"https:\/\/borysat.com\/fr\/wp-json\/wp\/v2\/product\/9968","targetHints":{"allow":["GET"]}}],"collection":[{"href":"https:\/\/borysat.com\/fr\/wp-json\/wp\/v2\/product"}],"about":[{"href":"https:\/\/borysat.com\/fr\/wp-json\/wp\/v2\/types\/product"}],"replies":[{"embeddable":true,"href":"https:\/\/borysat.com\/fr\/wp-json\/wp\/v2\/comments?post=9968"}],"version-history":[{"count":2,"href":"https:\/\/borysat.com\/fr\/wp-json\/wp\/v2\/product\/9968\/revisions"}],"predecessor-version":[{"id":11415,"href":"https:\/\/borysat.com\/fr\/wp-json\/wp\/v2\/product\/9968\/revisions\/11415"}],"wp:featuredmedia":[{"embeddable":true,"href":"https:\/\/borysat.com\/fr\/wp-json\/wp\/v2\/media\/9969"}],"wp:attachment":[{"href":"https:\/\/borysat.com\/fr\/wp-json\/wp\/v2\/media?parent=9968"}],"wp:term":[{"taxonomy":"product_brand","embeddable":true,"href":"https:\/\/borysat.com\/fr\/wp-json\/wp\/v2\/product_brand?post=9968"},{"taxonomy":"product_cat","embeddable":true,"href":"https:\/\/borysat.com\/fr\/wp-json\/wp\/v2\/product_cat?post=9968"},{"taxonomy":"product_tag","embeddable":true,"href":"https:\/\/borysat.com\/fr\/wp-json\/wp\/v2\/product_tag?post=9968"}],"curies":[{"name":"wp","href":"https:\/\/api.w.org\/{rel}","templated":true}]}}